{"id":1053,"date":"2024-02-29T15:26:09","date_gmt":"2024-02-29T18:26:09","guid":{"rendered":"https:\/\/4cnienssup.ufrn.br\/?page_id=1053"},"modified":"2024-03-07T16:41:44","modified_gmt":"2024-03-07T19:41:44","slug":"lancamento-de-livros","status":"publish","type":"page","link":"https:\/\/4cnienssup.ufrn.br\/index.php\/lancamento-de-livros\/","title":{"rendered":"Lan\u00e7amento de Livros"},"content":{"rendered":"<p><a href=\"https:\/\/4cnienssup.ufrn.br\/\"><br \/>\n\t\t\t\t\t\t\t<img width=\"1024\" height=\"153\" src=\"https:\/\/4cnienssup.ufrn.br\/wp-content\/uploads\/2023\/12\/4o-CONGRESSO-NACIONAL-DE-INCLUSAO-NA-EDUCACAO-SUPERIOR-E-EDUCACAO-PROFISSIONAL-TECNOLOGICA-5-1024x153.png\" alt=\"\" decoding=\"async\" loading=\"lazy\" srcset=\"https:\/\/4cnienssup.ufrn.br\/wp-content\/uploads\/2023\/12\/4o-CONGRESSO-NACIONAL-DE-INCLUSAO-NA-EDUCACAO-SUPERIOR-E-EDUCACAO-PROFISSIONAL-TECNOLOGICA-5-1024x153.png 1024w, https:\/\/4cnienssup.ufrn.br\/wp-content\/uploads\/2023\/12\/4o-CONGRESSO-NACIONAL-DE-INCLUSAO-NA-EDUCACAO-SUPERIOR-E-EDUCACAO-PROFISSIONAL-TECNOLOGICA-5-300x45.png 300w, https:\/\/4cnienssup.ufrn.br\/wp-content\/uploads\/2023\/12\/4o-CONGRESSO-NACIONAL-DE-INCLUSAO-NA-EDUCACAO-SUPERIOR-E-EDUCACAO-PROFISSIONAL-TECNOLOGICA-5-768x115.png 768w, https:\/\/4cnienssup.ufrn.br\/wp-content\/uploads\/2023\/12\/4o-CONGRESSO-NACIONAL-DE-INCLUSAO-NA-EDUCACAO-SUPERIOR-E-EDUCACAO-PROFISSIONAL-TECNOLOGICA-5-1536x229.png 1536w, https:\/\/4cnienssup.ufrn.br\/wp-content\/uploads\/2023\/12\/4o-CONGRESSO-NACIONAL-DE-INCLUSAO-NA-EDUCACAO-SUPERIOR-E-EDUCACAO-PROFISSIONAL-TECNOLOGICA-5-2048x305.png 2048w\" sizes=\"auto, (max-width: 1024px) 100vw, 1024px\" \/>\t\t\t\t\t\t\t\t<\/a><br \/>\n\t\t\t\t\t\t<button id=\"elementor-menu-toggle\"><\/button><\/p>\n<nav itemtype=\"http:\/\/schema.org\/SiteNavigationElement\" itemscope=\"itemscope\" id=\"elementor-navigation\" role=\"navigation\" aria-label=\"Elementor Menu\">\n<ul id=\"elementor-navmenu\">\n<li id=\"menu-item-7\"><a href=\"https:\/\/4cnienssup.ufrn.br\/\">In\u00edcio<\/a><\/li>\n<li id=\"menu-item-137\"><a href=\"https:\/\/4cnienssup.ufrn.br\/index.php\/sobre\/\">Congresso<\/a><\/li>\n<li id=\"menu-item-376\"><a href=\"https:\/\/4cnienssup.ufrn.br\/index.php\/forum\/\">F\u00f3rum<\/a><\/li>\n<li id=\"menu-item-150\"><a href=\"https:\/\/4cnienssup.ufrn.br\/index.php\/programacao\/\">Programa\u00e7\u00e3o<\/a><\/li>\n<li id=\"menu-item-839\"><a href=\"https:\/\/4cnienssup.ufrn.br\/index.php\/inscricoes\/\">Inscri\u00e7\u00f5es<\/a><\/li>\n<li id=\"menu-item-196\"><a href=\"https:\/\/4cnienssup.ufrn.br\/index.php\/normas-de-publicacao\/\">Submiss\u00e3o de trabalhos<\/a><\/li>\n<li id=\"menu-item-824\"><a href=\"https:\/\/4cnienssup.ufrn.br\/index.php\/premio-romeu-sassaki\/\">Pr\u00eamio Romeu Sassaki<\/a><\/li>\n<li id=\"menu-item-1057\"><a href=\"https:\/\/4cnienssup.ufrn.br\/index.php\/lancamento-de-livros\/\">Lan\u00e7amento de Livros<\/a><\/li>\n<li id=\"menu-item-434\"><a href=\"https:\/\/4cnienssup.ufrn.br\/index.php\/comissoes\/\">Comiss\u00f5es<\/a><\/li>\n<li id=\"menu-item-1023\"><a href=\"https:\/\/4cnienssup.ufrn.br\/index.php\/local\/\">Local do Evento<\/a><\/li>\n<\/ul>\n<\/nav>\n<h1>2 a 5 de abril de 2024. Inscri\u00e7\u00f5es abertas!\u200b<\/h1>\n<p>\t\t\t<a href=\"https:\/\/sigeventos.ufrn.br\/sigeventos\/login.xhtml\" target=\"_blank\" role=\"button\" rel=\"noopener\"><br \/>\n\t\t\t\t\t\tInscreva-se<br \/>\n\t\t\t\t\t<\/a><\/p>\n<h1>\n<h1 data-elementor-setting-key=\"title\" data-pen-placeholder=\"Digite aqui...\" style=\"font-size: 28px; text-transform: uppercase; letter-spacing: normal; text-align: right; color: var( --e-global-color-55c9883 );\"><\/h1>\n<h1 data-elementor-setting-key=\"title\" data-pen-placeholder=\"Digite aqui...\" style=\"font-size: 28px; text-transform: uppercase; letter-spacing: normal; color: var( --e-global-color-55c9883 );\">LAN\u00c7AMENTO DE LIVROS<\/h1>\n<\/h1>\n<p>A Comiss\u00e3o Organizadora do 4\u00ba Congresso Nacional de Inclus\u00e3o na Educa\u00e7\u00e3o Superior e Profissional Tecnol\u00f3gica anuncia a abertura da chamada para a indica\u00e7\u00e3o de obras a serem lan\u00e7adas na Sess\u00e3o de Lan\u00e7amento de Livros, a ser realizada no dia 4 de abril de 2024, das 10h40 \u00e0s 12h, como parte da programa\u00e7\u00e3o do Evento.<\/p>\n<p>As inscri\u00e7\u00f5es devem ser realizadas at\u00e9 o dia <b>20 de mar\u00e7o de 2024<\/b>, exclusivamente atrav\u00e9s de\u00a0<a href=\"https:\/\/forms.gle\/8iYPWtdyQUFRGap96\" target=\"_blank\" rel=\"noopener\">formul\u00e1rio eletr\u00f4nico<\/a>.<\/p>\n<p>Ser\u00e3o considerados para participar da Sess\u00e3o de Lan\u00e7amento os livros pertinentes \u00e0 \u00e1rea da Educa\u00e7\u00e3o Superior e \u00e0 Educa\u00e7\u00e3o Profissional Tecnol\u00f3gica, e dos quais os(as) autores(as) estejam inscritos(as) no Congresso.<\/p>\n<p>\u00a0<\/p>\n<p>\t\t\t<a href=\"https:\/\/forms.gle\/8iYPWtdyQUFRGap96\" role=\"button\"><br \/>\n\t\t\t\t\t\tFormul\u00e1rio de indica\u00e7\u00e3o de livros<br \/>\n\t\t\t\t\t<\/a><\/p>\n<h1>Realiza\u00e7\u00e3o<\/h1>\n<p>\t\t\t\t\t\t\t\t\t\t\t<a href=\"https:\/\/sia.ufrn.br\/\" target=\"_blank\" rel=\"noopener\"><br \/>\n\t\t\t\t\t\t\t<img width=\"2500\" height=\"1549\" src=\"https:\/\/4cnienssup.ufrn.br\/wp-content\/uploads\/2023\/11\/Logo-SIA.png\" alt=\"Logo da SIA UFRN\" decoding=\"async\" loading=\"lazy\" srcset=\"https:\/\/4cnienssup.ufrn.br\/wp-content\/uploads\/2023\/11\/Logo-SIA.png 2500w, https:\/\/4cnienssup.ufrn.br\/wp-content\/uploads\/2023\/11\/Logo-SIA-300x186.png 300w, https:\/\/4cnienssup.ufrn.br\/wp-content\/uploads\/2023\/11\/Logo-SIA-1024x634.png 1024w, https:\/\/4cnienssup.ufrn.br\/wp-content\/uploads\/2023\/11\/Logo-SIA-768x476.png 768w, https:\/\/4cnienssup.ufrn.br\/wp-content\/uploads\/2023\/11\/Logo-SIA-1536x952.png 1536w, https:\/\/4cnienssup.ufrn.br\/wp-content\/uploads\/2023\/11\/Logo-SIA-2048x1269.png 2048w\" sizes=\"auto, (max-width: 2500px) 100vw, 2500px\" \/>\t\t\t\t\t\t\t\t<\/a><\/p>\n<h1>Apoio<\/h1>\n<p>\t\t\t\t\t\t\t\t\t\t\t<a href=\"https:\/\/www.gov.br\/capes\/pt-br\" target=\"_blank\" rel=\"noopener\"><br \/>\n\t\t\t\t\t\t\t<img width=\"150\" height=\"150\" src=\"https:\/\/4cnienssup.ufrn.br\/wp-content\/uploads\/2023\/11\/logo-original-fundo-claro-150x150.jpg\" alt=\"Logo da CAPES\" decoding=\"async\" loading=\"lazy\" srcset=\"https:\/\/4cnienssup.ufrn.br\/wp-content\/uploads\/2023\/11\/logo-original-fundo-claro-150x150.jpg 150w, https:\/\/4cnienssup.ufrn.br\/wp-content\/uploads\/2023\/11\/logo-original-fundo-claro-300x300.jpg 300w, https:\/\/4cnienssup.ufrn.br\/wp-content\/uploads\/2023\/11\/logo-original-fundo-claro-768x766.jpg 768w, https:\/\/4cnienssup.ufrn.br\/wp-content\/uploads\/2023\/11\/logo-original-fundo-claro.jpg 850w\" sizes=\"auto, (max-width: 150px) 100vw, 150px\" \/>\t\t\t\t\t\t\t\t<\/a><br \/>\n\t\t\t\t\t\t\t\t\t\t\t<a href=\"https:\/\/www.gov.br\/mec\/pt-br\" target=\"_blank\" rel=\"noopener\"><br \/>\n\t\t\t\t\t\t\t<img width=\"889\" height=\"627\" src=\"https:\/\/4cnienssup.ufrn.br\/wp-content\/uploads\/2023\/12\/MEC.png\" alt=\"Logo do Minist\u00e9rio da Educa\u00e7\u00e3o\" decoding=\"async\" loading=\"lazy\" srcset=\"https:\/\/4cnienssup.ufrn.br\/wp-content\/uploads\/2023\/12\/MEC.png 889w, https:\/\/4cnienssup.ufrn.br\/wp-content\/uploads\/2023\/12\/MEC-300x212.png 300w, https:\/\/4cnienssup.ufrn.br\/wp-content\/uploads\/2023\/12\/MEC-768x542.png 768w\" sizes=\"auto, (max-width: 889px) 100vw, 889px\" \/>\t\t\t\t\t\t\t\t<\/a><br \/>\n\t\t\t\t\t\t\t\t\t\t\t<a href=\"https:\/\/proex.ufrn.br\/\" target=\"_blank\" rel=\"noopener\"><br \/>\n\t\t\t\t\t\t\t<img width=\"971\" height=\"494\" src=\"https:\/\/4cnienssup.ufrn.br\/wp-content\/uploads\/2023\/12\/Logo_PROEX_UFRN.png\" alt=\"Logo da PROEX\" decoding=\"async\" loading=\"lazy\" srcset=\"https:\/\/4cnienssup.ufrn.br\/wp-content\/uploads\/2023\/12\/Logo_PROEX_UFRN.png 971w, https:\/\/4cnienssup.ufrn.br\/wp-content\/uploads\/2023\/12\/Logo_PROEX_UFRN-300x153.png 300w, https:\/\/4cnienssup.ufrn.br\/wp-content\/uploads\/2023\/12\/Logo_PROEX_UFRN-768x391.png 768w\" sizes=\"auto, (max-width: 971px) 100vw, 971px\" \/>\t\t\t\t\t\t\t\t<\/a><br \/>\n\t\t\t\t\t\t\t\t\t\t\t<a href=\"http:\/\/sedis.ufrn.br\/\" target=\"_blank\" rel=\"noopener\"><br \/>\n\t\t\t\t\t\t\t<img width=\"1276\" height=\"754\" src=\"https:\/\/4cnienssup.ufrn.br\/wp-content\/uploads\/2024\/03\/Logotipo-SEDIS-15-anos-01.png\" alt=\"\" decoding=\"async\" loading=\"lazy\" srcset=\"https:\/\/4cnienssup.ufrn.br\/wp-content\/uploads\/2024\/03\/Logotipo-SEDIS-15-anos-01.png 1276w, https:\/\/4cnienssup.ufrn.br\/wp-content\/uploads\/2024\/03\/Logotipo-SEDIS-15-anos-01-300x177.png 300w, https:\/\/4cnienssup.ufrn.br\/wp-content\/uploads\/2024\/03\/Logotipo-SEDIS-15-anos-01-1024x605.png 1024w, https:\/\/4cnienssup.ufrn.br\/wp-content\/uploads\/2024\/03\/Logotipo-SEDIS-15-anos-01-768x454.png 768w\" sizes=\"auto, (max-width: 1276px) 100vw, 1276px\" \/>\t\t\t\t\t\t\t\t<\/a><br \/>\n\t\t\t\t\t\t\t\t\t\t\t<a href=\"https:\/\/ifrs.edu.br\/\" target=\"_blank\" rel=\"noopener\"><br \/>\n\t\t\t\t\t\t\t<img width=\"150\" height=\"150\" src=\"https:\/\/4cnienssup.ufrn.br\/wp-content\/uploads\/2023\/11\/Logo-IFRS-cores-sem-fundo-Vertical-150x150.png\" alt=\"Logo do IFRS\" decoding=\"async\" loading=\"lazy\" \/>\t\t\t\t\t\t\t\t<\/a><br \/>\n\t\t\t\t\t\t\t\t\t\t\t<a href=\"https:\/\/portal.ufrrj.br\/\" target=\"_blank\" rel=\"noopener\"><br \/>\n\t\t\t\t\t\t\t<img width=\"180\" height=\"180\" src=\"https:\/\/4cnienssup.ufrn.br\/wp-content\/uploads\/2020\/10\/ufrrj.jpg\" alt=\"Logo da UFRRJ\" decoding=\"async\" loading=\"lazy\" srcset=\"https:\/\/4cnienssup.ufrn.br\/wp-content\/uploads\/2020\/10\/ufrrj.jpg 180w, https:\/\/4cnienssup.ufrn.br\/wp-content\/uploads\/2020\/10\/ufrrj-150x150.jpg 150w\" sizes=\"auto, (max-width: 180px) 100vw, 180px\" \/>\t\t\t\t\t\t\t\t<\/a><br \/>\n\t\t\t\t\t\t\t\t\t\t\t<a href=\"https:\/\/www.unifesspa.edu.br\/\" target=\"_blank\" rel=\"noopener\"><br \/>\n\t\t\t\t\t\t\t<img width=\"3284\" height=\"1734\" src=\"https:\/\/4cnienssup.ufrn.br\/wp-content\/uploads\/2020\/10\/Marca-Horizontal-Smbolo-Tipografia-001.png\" alt=\"Logo da UNIFESSPA\" decoding=\"async\" loading=\"lazy\" srcset=\"https:\/\/4cnienssup.ufrn.br\/wp-content\/uploads\/2020\/10\/Marca-Horizontal-Smbolo-Tipografia-001.png 3284w, https:\/\/4cnienssup.ufrn.br\/wp-content\/uploads\/2020\/10\/Marca-Horizontal-Smbolo-Tipografia-001-300x158.png 300w, https:\/\/4cnienssup.ufrn.br\/wp-content\/uploads\/2020\/10\/Marca-Horizontal-Smbolo-Tipografia-001-1024x541.png 1024w, https:\/\/4cnienssup.ufrn.br\/wp-content\/uploads\/2020\/10\/Marca-Horizontal-Smbolo-Tipografia-001-768x406.png 768w, https:\/\/4cnienssup.ufrn.br\/wp-content\/uploads\/2020\/10\/Marca-Horizontal-Smbolo-Tipografia-001-1536x811.png 1536w, https:\/\/4cnienssup.ufrn.br\/wp-content\/uploads\/2020\/10\/Marca-Horizontal-Smbolo-Tipografia-001-2048x1081.png 2048w\" sizes=\"auto, (max-width: 3284px) 100vw, 3284px\" \/>\t\t\t\t\t\t\t\t<\/a><br \/>\n\t\t\t\t\t\t\t\t\t\t\t<a href=\"https:\/\/www2.unesp.br\/\" target=\"_blank\" rel=\"noopener\"><br \/>\n\t\t\t\t\t\t\t<img width=\"800\" height=\"267\" src=\"https:\/\/4cnienssup.ufrn.br\/wp-content\/uploads\/2023\/12\/Unesp.png\" alt=\"Logo da Unesp\" decoding=\"async\" loading=\"lazy\" srcset=\"https:\/\/4cnienssup.ufrn.br\/wp-content\/uploads\/2023\/12\/Unesp.png 800w, https:\/\/4cnienssup.ufrn.br\/wp-content\/uploads\/2023\/12\/Unesp-300x100.png 300w, https:\/\/4cnienssup.ufrn.br\/wp-content\/uploads\/2023\/12\/Unesp-768x256.png 768w\" sizes=\"auto, (max-width: 800px) 100vw, 800px\" \/>\t\t\t\t\t\t\t\t<\/a><br \/>\n\t\t\t\t\t\t\t\t\t\t\t<a href=\"https:\/\/ifbaiano.edu.br\/portal\/\" target=\"_blank\" rel=\"noopener\"><br \/>\n\t\t\t\t\t\t\t<img width=\"150\" height=\"150\" src=\"https:\/\/4cnienssup.ufrn.br\/wp-content\/uploads\/2024\/02\/IFBaiano_logo-150x150.png\" alt=\"\" decoding=\"async\" loading=\"lazy\" \/>\t\t\t\t\t\t\t\t<\/a><br \/>\n\t\t\t\t\t\t\t\t\t\t\t<a href=\"https:\/\/portal.uern.br\/\" target=\"_blank\" rel=\"noopener\"><br \/>\n\t\t\t\t\t\t\t<img width=\"1469\" height=\"651\" src=\"https:\/\/4cnienssup.ufrn.br\/wp-content\/uploads\/2023\/12\/LOGOMARCA_UERN_Ciano.png\" alt=\"Logo da UERN\" decoding=\"async\" loading=\"lazy\" srcset=\"https:\/\/4cnienssup.ufrn.br\/wp-content\/uploads\/2023\/12\/LOGOMARCA_UERN_Ciano.png 1469w, https:\/\/4cnienssup.ufrn.br\/wp-content\/uploads\/2023\/12\/LOGOMARCA_UERN_Ciano-300x133.png 300w, https:\/\/4cnienssup.ufrn.br\/wp-content\/uploads\/2023\/12\/LOGOMARCA_UERN_Ciano-1024x454.png 1024w, https:\/\/4cnienssup.ufrn.br\/wp-content\/uploads\/2023\/12\/LOGOMARCA_UERN_Ciano-768x340.png 768w\" sizes=\"auto, (max-width: 1469px) 100vw, 1469px\" \/>\t\t\t\t\t\t\t\t<\/a><br \/>\n\t\t\t\t\t\t\t\t\t\t\t<a href=\"https:\/\/www.ufpr.br\/portalufpr\/\" target=\"_blank\" rel=\"noopener\"><br \/>\n\t\t\t\t\t\t\t<img width=\"340\" height=\"195\" src=\"https:\/\/4cnienssup.ufrn.br\/wp-content\/uploads\/2020\/10\/Ufpr_logo.jpg\" alt=\"Logo da UFPR\" decoding=\"async\" loading=\"lazy\" srcset=\"https:\/\/4cnienssup.ufrn.br\/wp-content\/uploads\/2020\/10\/Ufpr_logo.jpg 340w, https:\/\/4cnienssup.ufrn.br\/wp-content\/uploads\/2020\/10\/Ufpr_logo-300x172.jpg 300w\" sizes=\"auto, (max-width: 340px) 100vw, 340px\" \/>\t\t\t\t\t\t\t\t<\/a><br \/>\n\t\t\t\t\t\t\t\t\t\t\t<a href=\"https:\/\/ifmt.edu.br\/inicio\/\" target=\"_blank\" rel=\"noopener\"><br \/>\n\t\t\t\t\t\t\t<img width=\"150\" height=\"150\" src=\"https:\/\/4cnienssup.ufrn.br\/wp-content\/uploads\/2024\/01\/IFMT-150x150.png\" alt=\"Logo do IFMT\" decoding=\"async\" loading=\"lazy\" \/>\t\t\t\t\t\t\t\t<\/a><br \/>\n\t\t\t\t\t\t\t\t\t\t\t<a href=\"https:\/\/www.unb.br\/\" target=\"_blank\" rel=\"noopener\"><br \/>\n\t\t\t\t\t\t\t<img width=\"1383\" height=\"354\" src=\"https:\/\/4cnienssup.ufrn.br\/wp-content\/uploads\/2023\/12\/UnB.jpg\" alt=\"Logo da UnB\" decoding=\"async\" loading=\"lazy\" srcset=\"https:\/\/4cnienssup.ufrn.br\/wp-content\/uploads\/2023\/12\/UnB.jpg 1383w, https:\/\/4cnienssup.ufrn.br\/wp-content\/uploads\/2023\/12\/UnB-300x77.jpg 300w, https:\/\/4cnienssup.ufrn.br\/wp-content\/uploads\/2023\/12\/UnB-1024x262.jpg 1024w, https:\/\/4cnienssup.ufrn.br\/wp-content\/uploads\/2023\/12\/UnB-768x197.jpg 768w\" sizes=\"auto, (max-width: 1383px) 100vw, 1383px\" \/>\t\t\t\t\t\t\t\t<\/a><br \/>\n\t\t\t\t\t\t\t\t\t\t\t<a href=\"https:\/\/ufrr.br\/\" target=\"_blank\" rel=\"noopener\"><br \/>\n\t\t\t\t\t\t\t<img width=\"275\" height=\"300\" src=\"https:\/\/4cnienssup.ufrn.br\/wp-content\/uploads\/2023\/12\/UFRR-275x300.png\" alt=\"Logo da UFRR\" decoding=\"async\" loading=\"lazy\" srcset=\"https:\/\/4cnienssup.ufrn.br\/wp-content\/uploads\/2023\/12\/UFRR-275x300.png 275w, https:\/\/4cnienssup.ufrn.br\/wp-content\/uploads\/2023\/12\/UFRR.png 477w\" sizes=\"auto, (max-width: 275px) 100vw, 275px\" \/>\t\t\t\t\t\t\t\t<\/a><br \/>\n\t\t\t\t\t\t\t\t\t\t\t<a href=\"https:\/\/ufu.br\/\" target=\"_blank\" rel=\"noopener\"><br \/>\n\t\t\t\t\t\t\t<img width=\"300\" height=\"45\" src=\"https:\/\/4cnienssup.ufrn.br\/wp-content\/uploads\/2023\/12\/UFU-300x45.png\" alt=\"Logo da UFU\" decoding=\"async\" loading=\"lazy\" srcset=\"https:\/\/4cnienssup.ufrn.br\/wp-content\/uploads\/2023\/12\/UFU-300x45.png 300w, https:\/\/4cnienssup.ufrn.br\/wp-content\/uploads\/2023\/12\/UFU.png 600w\" sizes=\"auto, (max-width: 300px) 100vw, 300px\" \/>\t\t\t\t\t\t\t\t<\/a><br \/>\n\t\t\t\t\t\t\t\t\t\t\t<a href=\"https:\/\/www.ifsudestemg.edu.br\/\" target=\"_blank\" rel=\"noopener\"><br \/>\n\t\t\t\t\t\t\t<img width=\"1024\" height=\"995\" src=\"https:\/\/4cnienssup.ufrn.br\/wp-content\/uploads\/2024\/02\/IF-Sudoeste-MG.png\" alt=\"Marca do IF Sudoeste Minas Gerais\" decoding=\"async\" loading=\"lazy\" srcset=\"https:\/\/4cnienssup.ufrn.br\/wp-content\/uploads\/2024\/02\/IF-Sudoeste-MG.png 1024w, https:\/\/4cnienssup.ufrn.br\/wp-content\/uploads\/2024\/02\/IF-Sudoeste-MG-300x292.png 300w, https:\/\/4cnienssup.ufrn.br\/wp-content\/uploads\/2024\/02\/IF-Sudoeste-MG-768x746.png 768w\" sizes=\"auto, (max-width: 1024px) 100vw, 1024px\" \/>\t\t\t\t\t\t\t\t<\/a><br \/>\n\t\t\t\t\t\t\t\t\t\t\t<a href=\"https:\/\/ampid.org.br\/site2020\/\" target=\"_blank\" rel=\"noopener\"><br \/>\n\t\t\t\t\t\t\t<img width=\"1156\" height=\"430\" src=\"https:\/\/4cnienssup.ufrn.br\/wp-content\/uploads\/2023\/12\/AMPID-e1702420425239.jpeg\" alt=\"Logo da AMPID\" decoding=\"async\" loading=\"lazy\" srcset=\"https:\/\/4cnienssup.ufrn.br\/wp-content\/uploads\/2023\/12\/AMPID-e1702420425239.jpeg 1156w, https:\/\/4cnienssup.ufrn.br\/wp-content\/uploads\/2023\/12\/AMPID-e1702420425239-300x112.jpeg 300w, https:\/\/4cnienssup.ufrn.br\/wp-content\/uploads\/2023\/12\/AMPID-e1702420425239-1024x381.jpeg 1024w, https:\/\/4cnienssup.ufrn.br\/wp-content\/uploads\/2023\/12\/AMPID-e1702420425239-768x286.jpeg 768w\" sizes=\"auto, (max-width: 1156px) 100vw, 1156px\" \/>\t\t\t\t\t\t\t\t<\/a><br \/>\n\t\t\t\t\t\t\t\t\t\t\t<a href=\"https:\/\/www.fcc.org.br\/fcc\/\" target=\"_blank\" rel=\"noopener\"><br \/>\n\t\t\t\t\t\t\t<img width=\"225\" height=\"225\" src=\"https:\/\/4cnienssup.ufrn.br\/wp-content\/uploads\/2023\/12\/Fundacao-Carlos-Chagas.png\" alt=\"Logo da Funda\u00e7\u00e3o Carlos Chagas\" decoding=\"async\" loading=\"lazy\" srcset=\"https:\/\/4cnienssup.ufrn.br\/wp-content\/uploads\/2023\/12\/Fundacao-Carlos-Chagas.png 225w, https:\/\/4cnienssup.ufrn.br\/wp-content\/uploads\/2023\/12\/Fundacao-Carlos-Chagas-150x150.png 150w\" sizes=\"auto, (max-width: 225px) 100vw, 225px\" \/>\t\t\t\t\t\t\t\t<\/a><br \/>\n\t\t\t\t\t\t\t\t\t\t\t<a href=\"https:\/\/mpt.mp.br\/\" target=\"_blank\" rel=\"noopener\"><br \/>\n\t\t\t\t\t\t\t<img width=\"2276\" height=\"949\" src=\"https:\/\/4cnienssup.ufrn.br\/wp-content\/uploads\/2023\/12\/MPT-e1702420470882.jpg\" alt=\"Logo do MPT (Minist\u00e9rio P\u00fablico do Trabalho)\" decoding=\"async\" loading=\"lazy\" srcset=\"https:\/\/4cnienssup.ufrn.br\/wp-content\/uploads\/2023\/12\/MPT-e1702420470882.jpg 2276w, https:\/\/4cnienssup.ufrn.br\/wp-content\/uploads\/2023\/12\/MPT-e1702420470882-300x125.jpg 300w, https:\/\/4cnienssup.ufrn.br\/wp-content\/uploads\/2023\/12\/MPT-e1702420470882-1024x427.jpg 1024w, https:\/\/4cnienssup.ufrn.br\/wp-content\/uploads\/2023\/12\/MPT-e1702420470882-768x320.jpg 768w, https:\/\/4cnienssup.ufrn.br\/wp-content\/uploads\/2023\/12\/MPT-e1702420470882-1536x640.jpg 1536w, https:\/\/4cnienssup.ufrn.br\/wp-content\/uploads\/2023\/12\/MPT-e1702420470882-2048x854.jpg 2048w\" sizes=\"auto, (max-width: 2276px) 100vw, 2276px\" \/>\t\t\t\t\t\t\t\t<\/a><br \/>\n\t\t\t\t\t\t\t\t\t\t\t<a href=\"https:\/\/www.uems.br\/\" target=\"_blank\" rel=\"noopener\"><br \/>\n\t\t\t\t\t\t\t<img width=\"3110\" height=\"2727\" src=\"https:\/\/4cnienssup.ufrn.br\/wp-content\/uploads\/2024\/02\/Logo_vtc_gradient.png\" alt=\"Logo da UEMS\" decoding=\"async\" loading=\"lazy\" srcset=\"https:\/\/4cnienssup.ufrn.br\/wp-content\/uploads\/2024\/02\/Logo_vtc_gradient.png 3110w, https:\/\/4cnienssup.ufrn.br\/wp-content\/uploads\/2024\/02\/Logo_vtc_gradient-300x263.png 300w, https:\/\/4cnienssup.ufrn.br\/wp-content\/uploads\/2024\/02\/Logo_vtc_gradient-1024x898.png 1024w, https:\/\/4cnienssup.ufrn.br\/wp-content\/uploads\/2024\/02\/Logo_vtc_gradient-768x673.png 768w, https:\/\/4cnienssup.ufrn.br\/wp-content\/uploads\/2024\/02\/Logo_vtc_gradient-1536x1347.png 1536w, https:\/\/4cnienssup.ufrn.br\/wp-content\/uploads\/2024\/02\/Logo_vtc_gradient-2048x1796.png 2048w\" sizes=\"auto, (max-width: 3110px) 100vw, 3110px\" \/>\t\t\t\t\t\t\t\t<\/a><br \/>\n\t\t\t\t\t\t\t\t\t\t\t<a href=\"http:\/\/red-universidadydiscapacidad.org\/\" target=\"_blank\" rel=\"noopener\"><br \/>\n\t\t\t\t\t\t\t<img width=\"212\" height=\"120\" src=\"https:\/\/4cnienssup.ufrn.br\/wp-content\/uploads\/2024\/02\/logo-red-2021.png\" alt=\"Logo da Red Interuniversitaria Latinoamericana y del Caribe sobre Discapacidad y Derechos Humanos\" decoding=\"async\" loading=\"lazy\" \/>\t\t\t\t\t\t\t\t<\/a><br \/>\n\t\t\t\t\t\t\t\t\t\t<img width=\"366\" height=\"252\" src=\"https:\/\/4cnienssup.ufrn.br\/wp-content\/uploads\/2024\/02\/WhatsApp-Image-2024-02-05-at-14.41.13.jpeg\" alt=\"Logo da Rede Brasileira de Estudos e conte\u00fados Adaptados\" decoding=\"async\" loading=\"lazy\" srcset=\"https:\/\/4cnienssup.ufrn.br\/wp-content\/uploads\/2024\/02\/WhatsApp-Image-2024-02-05-at-14.41.13.jpeg 366w, https:\/\/4cnienssup.ufrn.br\/wp-content\/uploads\/2024\/02\/WhatsApp-Image-2024-02-05-at-14.41.13-300x207.jpeg 300w\" sizes=\"auto, (max-width: 366px) 100vw, 366px\" \/><br \/>\n\t\t\t\t\t\t\t\t\t\t<img width=\"585\" height=\"585\" src=\"https:\/\/4cnienssup.ufrn.br\/wp-content\/uploads\/2024\/02\/WhatsApp-Image-2024-02-22-at-10.17.11.jpeg\" alt=\"Logo do Simples Assim. Descri\u00e7\u00e3o da imagem: \u00edcones representando texto, desemho, valida\u00e7\u00e3o e resumo em azul, verde, roxo e rosa. Texto: Simples Assim.\" decoding=\"async\" loading=\"lazy\" srcset=\"https:\/\/4cnienssup.ufrn.br\/wp-content\/uploads\/2024\/02\/WhatsApp-Image-2024-02-22-at-10.17.11.jpeg 585w, https:\/\/4cnienssup.ufrn.br\/wp-content\/uploads\/2024\/02\/WhatsApp-Image-2024-02-22-at-10.17.11-300x300.jpeg 300w, https:\/\/4cnienssup.ufrn.br\/wp-content\/uploads\/2024\/02\/WhatsApp-Image-2024-02-22-at-10.17.11-150x150.jpeg 150w\" sizes=\"auto, (max-width: 585px) 100vw, 585px\" \/>\t\t\t\t\t\t\t\t\t\t\t<\/p>\n<h1>Rodap\u00e9<\/h1>\n<h2>4\u00ba CONGRESSO NACIONAL DE INCLUS\u00c3O NA EDUCA\u00c7\u00c3O SUPERIOR E EDUCA\u00c7\u00c3O PROFISSIONAL TECNOL\u00d3GICA<\/h2>\n<h2>4\u00ba F\u00d3RUM NACIONAL DE COORDENADORES DE N\u00daCLEOS DE ACESSIBILIDADE DAS INSTITUI\u00c7\u00d5ES P\u00daBLICAS DA EDUCA\u00c7\u00c3O SUPERIOR E PROFISSIONAL TECNOL\u00d3GICA<\/h2>\n<h2>Saiba mais sobre<\/h2>\n<nav data-toggle-icon=\"&lt;i aria-hidden=&quot;true&quot; tabindex=&quot;0&quot; class=&quot;fas fa-align-justify&quot;&gt;&lt;\/i&gt;\" data-close-icon=\"&lt;i aria-hidden=&quot;true&quot; tabindex=&quot;0&quot; class=&quot;far fa-window-close&quot;&gt;&lt;\/i&gt;\" data-full-width=\"yes\">\n<ul id=\"menu-1-c93b8c2\">\n<li id=\"menu-item-7\"><a href=\"https:\/\/4cnienssup.ufrn.br\/\" class = \"hfe-menu-item\">In\u00edcio<\/a><\/li>\n<li id=\"menu-item-137\"><a href=\"https:\/\/4cnienssup.ufrn.br\/index.php\/sobre\/\" class = \"hfe-menu-item\">Congresso<\/a><\/li>\n<li id=\"menu-item-376\"><a href=\"https:\/\/4cnienssup.ufrn.br\/index.php\/forum\/\" class = \"hfe-menu-item\">F\u00f3rum<\/a><\/li>\n<li id=\"menu-item-150\"><a href=\"https:\/\/4cnienssup.ufrn.br\/index.php\/programacao\/\" class = \"hfe-menu-item\">Programa\u00e7\u00e3o<\/a><\/li>\n<li id=\"menu-item-839\"><a href=\"https:\/\/4cnienssup.ufrn.br\/index.php\/inscricoes\/\" class = \"hfe-menu-item\">Inscri\u00e7\u00f5es<\/a><\/li>\n<li id=\"menu-item-196\"><a href=\"https:\/\/4cnienssup.ufrn.br\/index.php\/normas-de-publicacao\/\" class = \"hfe-menu-item\">Submiss\u00e3o de trabalhos<\/a><\/li>\n<li id=\"menu-item-824\"><a href=\"https:\/\/4cnienssup.ufrn.br\/index.php\/premio-romeu-sassaki\/\" class = \"hfe-menu-item\">Pr\u00eamio Romeu Sassaki<\/a><\/li>\n<li id=\"menu-item-1057\"><a href=\"https:\/\/4cnienssup.ufrn.br\/index.php\/lancamento-de-livros\/\" class = \"hfe-menu-item\">Lan\u00e7amento de Livros<\/a><\/li>\n<li id=\"menu-item-434\"><a href=\"https:\/\/4cnienssup.ufrn.br\/index.php\/comissoes\/\" class = \"hfe-menu-item\">Comiss\u00f5es<\/a><\/li>\n<li id=\"menu-item-1023\"><a href=\"https:\/\/4cnienssup.ufrn.br\/index.php\/local\/\" class = \"hfe-menu-item\">Local do Evento<\/a><\/li>\n<\/ul>\n<\/nav>\n<h2>Contato<\/h2>\n<p>4cnienssup@gmail.com<\/p>\n","protected":false},"excerpt":{"rendered":"<p>In\u00edcio Congresso F\u00f3rum Programa\u00e7\u00e3o Inscri\u00e7\u00f5es Submiss\u00e3o de trabalhos Pr\u00eamio Romeu Sassaki Lan\u00e7amento de Livros Comiss\u00f5es Local do Evento 2 a 5 de abril de 2024. Inscri\u00e7\u00f5es abertas!\u200b Inscreva-se LAN\u00c7AMENTO DE LIVROS A Comiss\u00e3o Organizadora do 4\u00ba Congresso Nacional de Inclus\u00e3o na Educa\u00e7\u00e3o Superior e Profissional Tecnol\u00f3gica anuncia a abertura da chamada para a indica\u00e7\u00e3o de [&hellip;]<\/p>\n","protected":false},"author":5,"featured_media":0,"parent":0,"menu_order":0,"comment_status":"closed","ping_status":"closed","template":"elementor_canvas","meta":{"footnotes":""},"class_list":["post-1053","page","type-page","status-publish","hentry"],"_links":{"self":[{"href":"https:\/\/4cnienssup.ufrn.br\/index.php\/wp-json\/wp\/v2\/pages\/1053","targetHints":{"allow":["GET"]}}],"collection":[{"href":"https:\/\/4cnienssup.ufrn.br\/index.php\/wp-json\/wp\/v2\/pages"}],"about":[{"href":"https:\/\/4cnienssup.ufrn.br\/index.php\/wp-json\/wp\/v2\/types\/page"}],"author":[{"embeddable":true,"href":"https:\/\/4cnienssup.ufrn.br\/index.php\/wp-json\/wp\/v2\/users\/5"}],"replies":[{"embeddable":true,"href":"https:\/\/4cnienssup.ufrn.br\/index.php\/wp-json\/wp\/v2\/comments?post=1053"}],"version-history":[{"count":4,"href":"https:\/\/4cnienssup.ufrn.br\/index.php\/wp-json\/wp\/v2\/pages\/1053\/revisions"}],"predecessor-version":[{"id":1078,"href":"https:\/\/4cnienssup.ufrn.br\/index.php\/wp-json\/wp\/v2\/pages\/1053\/revisions\/1078"}],"wp:attachment":[{"href":"https:\/\/4cnienssup.ufrn.br\/index.php\/wp-json\/wp\/v2\/media?parent=1053"}],"curies":[{"name":"wp","href":"https:\/\/api.w.org\/{rel}","templated":true}]}}